{"id":6,"date":"2024-08-23T23:58:05","date_gmt":"2024-08-23T23:58:05","guid":{"rendered":"https:\/\/focal32.com\/?page_id=6"},"modified":"2025-08-20T14:52:28","modified_gmt":"2025-08-20T19:52:28","slug":"inicio","status":"publish","type":"page","link":"https:\/\/focal32.com\/?page_id=6","title":{"rendered":"INICIO"},"content":{"rendered":"\t\t<div data-elementor-type=\"wp-page\" data-elementor-id=\"6\" class=\"elementor elementor-6\" data-elementor-post-type=\"page\">\n\t\t\t\t<div class=\"elementor-element elementor-element-81c93d7 e-flex e-con-boxed e-con e-parent\" data-id=\"81c93d7\" data-element_type=\"container\">\n\t\t\t\t\t<div class=\"e-con-inner\">\n\t\t\t\t<div class=\"elementor-element elementor-element-b3ebdcf elementor-grid-3 elementor-grid-tablet-2 elementor-grid-mobile-1 elementor-posts--thumbnail-top elementor-posts--show-avatar elementor-card-shadow-yes elementor-posts__hover-gradient elementor-widget elementor-widget-posts\" data-id=\"b3ebdcf\" data-element_type=\"widget\" data-settings=\"{&quot;cards_columns&quot;:&quot;3&quot;,&quot;cards_columns_tablet&quot;:&quot;2&quot;,&quot;cards_columns_mobile&quot;:&quot;1&quot;,&quot;cards_row_gap&quot;:{&quot;unit&quot;:&quot;px&quot;,&quot;size&quot;:35,&quot;sizes&quot;:[]},&quot;cards_row_gap_tablet&quot;:{&quot;unit&quot;:&quot;px&quot;,&quot;size&quot;:&quot;&quot;,&quot;sizes&quot;:[]},&quot;cards_row_gap_mobile&quot;:{&quot;unit&quot;:&quot;px&quot;,&quot;size&quot;:&quot;&quot;,&quot;sizes&quot;:[]}}\" data-widget_type=\"posts.cards\">\n\t\t\t\t<div class=\"elementor-widget-container\">\n\t\t\t\t\t\t\t<div class=\"elementor-posts-container elementor-posts elementor-posts--skin-cards elementor-grid\" role=\"list\">\n\t\t\t\t<article class=\"elementor-post elementor-grid-item post-148 post type-post status-publish format-standard has-post-thumbnail hentry category-news\" role=\"listitem\">\n\t\t\t<div class=\"elementor-post__card\">\n\t\t\t\t<a class=\"elementor-post__thumbnail__link\" href=\"https:\/\/focal32.com\/?p=148\" tabindex=\"-1\" ><div class=\"elementor-post__thumbnail\"><img fetchpriority=\"high\" decoding=\"async\" width=\"300\" height=\"200\" src=\"https:\/\/focal32.com\/wp-content\/uploads\/2025\/08\/Climate-change-and-Environmental-damage-300x200.webp\" class=\"attachment-medium size-medium wp-image-149\" alt=\"\" srcset=\"https:\/\/focal32.com\/wp-content\/uploads\/2025\/08\/Climate-change-and-Environmental-damage-300x200.webp 300w, https:\/\/focal32.com\/wp-content\/uploads\/2025\/08\/Climate-change-and-Environmental-damage-1024x682.webp 1024w, https:\/\/focal32.com\/wp-content\/uploads\/2025\/08\/Climate-change-and-Environmental-damage-768x512.webp 768w, https:\/\/focal32.com\/wp-content\/uploads\/2025\/08\/Climate-change-and-Environmental-damage.webp 1280w\" sizes=\"(max-width: 300px) 100vw, 300px\" \/><\/div><\/a>\n\t\t\t\t<div class=\"elementor-post__badge\">News<\/div>\n\t\t\t\t<div class=\"elementor-post__avatar\">\n\t\t\t<img alt='admin' src='https:\/\/secure.gravatar.com\/avatar\/3a2dc4b2472c58034cc740407b895a4e7f49e2657f9a3caae6bd03caebcb6aeb?s=128&#038;d=mm&#038;r=g' srcset='https:\/\/secure.gravatar.com\/avatar\/3a2dc4b2472c58034cc740407b895a4e7f49e2657f9a3caae6bd03caebcb6aeb?s=256&#038;d=mm&#038;r=g 2x' class='avatar avatar-128 photo' height='128' width='128' \/>\t\t<\/div>\n\t\t\t\t<div class=\"elementor-post__text\">\n\t\t\t\t<h3 class=\"elementor-post__title\">\n\t\t\t<a href=\"https:\/\/focal32.com\/?p=148\" >\n\t\t\t\tMejorando el clima del mundo\t\t\t<\/a>\n\t\t<\/h3>\n\t\t\t\t<div class=\"elementor-post__excerpt\">\n\t\t\t<p>El cambio clim\u00e1tico no se combate solo con grandes pol\u00edticas, sino tambi\u00e9n con peque\u00f1os gestos que, sumados, generan un impacto real<\/p>\n\t\t<\/div>\n\t\t\n\t\t<a class=\"elementor-post__read-more\" href=\"https:\/\/focal32.com\/?p=148\" aria-label=\"Read more about Mejorando el clima del mundo\" tabindex=\"-1\" >\n\t\t\tRead More \u00bb\t\t<\/a>\n\n\t\t\t\t<\/div>\n\t\t\t\t<div class=\"elementor-post__meta-data\">\n\t\t\t\t\t<span class=\"elementor-post-date\">\n\t\t\t20 de agosto de 2025\t\t<\/span>\n\t\t\t\t<span class=\"elementor-post-avatar\">\n\t\t\tNo hay comentarios\t\t<\/span>\n\t\t\t\t<\/div>\n\t\t\t\t\t<\/div>\n\t\t<\/article>\n\t\t\t\t<article class=\"elementor-post elementor-grid-item post-135 post type-post status-publish format-standard has-post-thumbnail hentry category-news\" role=\"listitem\">\n\t\t\t<div class=\"elementor-post__card\">\n\t\t\t\t<a class=\"elementor-post__thumbnail__link\" href=\"https:\/\/focal32.com\/?p=135\" tabindex=\"-1\" ><div class=\"elementor-post__thumbnail\"><img decoding=\"async\" width=\"236\" height=\"132\" src=\"https:\/\/focal32.com\/wp-content\/uploads\/2025\/08\/OIP.jpg\" class=\"attachment-medium size-medium wp-image-141\" alt=\"\" \/><\/div><\/a>\n\t\t\t\t<div class=\"elementor-post__badge\">News<\/div>\n\t\t\t\t<div class=\"elementor-post__avatar\">\n\t\t\t<img alt='admin' src='https:\/\/secure.gravatar.com\/avatar\/3a2dc4b2472c58034cc740407b895a4e7f49e2657f9a3caae6bd03caebcb6aeb?s=128&#038;d=mm&#038;r=g' srcset='https:\/\/secure.gravatar.com\/avatar\/3a2dc4b2472c58034cc740407b895a4e7f49e2657f9a3caae6bd03caebcb6aeb?s=256&#038;d=mm&#038;r=g 2x' class='avatar avatar-128 photo' height='128' width='128' \/>\t\t<\/div>\n\t\t\t\t<div class=\"elementor-post__text\">\n\t\t\t\t<h3 class=\"elementor-post__title\">\n\t\t\t<a href=\"https:\/\/focal32.com\/?p=135\" >\n\t\t\t\tNews, \u00bfQui\u00e9n es Genaro Lozano?\t\t\t<\/a>\n\t\t<\/h3>\n\t\t\t\t<div class=\"elementor-post__excerpt\">\n\t\t\t<p>\u00bfQui\u00e9n es Genaro Lozano, el posible embajador de M\u00e9xico en Italia?<\/p>\n\t\t<\/div>\n\t\t\n\t\t<a class=\"elementor-post__read-more\" href=\"https:\/\/focal32.com\/?p=135\" aria-label=\"Read more about News, \u00bfQui\u00e9n es Genaro Lozano?\" tabindex=\"-1\" >\n\t\t\tRead More \u00bb\t\t<\/a>\n\n\t\t\t\t<\/div>\n\t\t\t\t<div class=\"elementor-post__meta-data\">\n\t\t\t\t\t<span class=\"elementor-post-date\">\n\t\t\t20 de agosto de 2025\t\t<\/span>\n\t\t\t\t<span class=\"elementor-post-avatar\">\n\t\t\tNo hay comentarios\t\t<\/span>\n\t\t\t\t<\/div>\n\t\t\t\t\t<\/div>\n\t\t<\/article>\n\t\t\t\t<article class=\"elementor-post elementor-grid-item post-96 post type-post status-publish format-standard has-post-thumbnail hentry category-pruebas\" role=\"listitem\">\n\t\t\t<div class=\"elementor-post__card\">\n\t\t\t\t<a class=\"elementor-post__thumbnail__link\" href=\"https:\/\/focal32.com\/?p=96\" tabindex=\"-1\" ><div class=\"elementor-post__thumbnail\"><img decoding=\"async\" width=\"300\" height=\"300\" src=\"https:\/\/focal32.com\/wp-content\/uploads\/2025\/08\/d380c0a2efb4c27e6b27be82a1456da0-300x300.jpg\" class=\"attachment-medium size-medium wp-image-45\" alt=\"\" srcset=\"https:\/\/focal32.com\/wp-content\/uploads\/2025\/08\/d380c0a2efb4c27e6b27be82a1456da0-300x300.jpg 300w, https:\/\/focal32.com\/wp-content\/uploads\/2025\/08\/d380c0a2efb4c27e6b27be82a1456da0-150x150.jpg 150w, https:\/\/focal32.com\/wp-content\/uploads\/2025\/08\/d380c0a2efb4c27e6b27be82a1456da0-768x768.jpg 768w, https:\/\/focal32.com\/wp-content\/uploads\/2025\/08\/d380c0a2efb4c27e6b27be82a1456da0.jpg 1024w\" sizes=\"(max-width: 300px) 100vw, 300px\" \/><\/div><\/a>\n\t\t\t\t<div class=\"elementor-post__badge\">pruebas<\/div>\n\t\t\t\t<div class=\"elementor-post__avatar\">\n\t\t\t<img alt='admin' src='https:\/\/secure.gravatar.com\/avatar\/3a2dc4b2472c58034cc740407b895a4e7f49e2657f9a3caae6bd03caebcb6aeb?s=128&#038;d=mm&#038;r=g' srcset='https:\/\/secure.gravatar.com\/avatar\/3a2dc4b2472c58034cc740407b895a4e7f49e2657f9a3caae6bd03caebcb6aeb?s=256&#038;d=mm&#038;r=g 2x' class='avatar avatar-128 photo' height='128' width='128' \/>\t\t<\/div>\n\t\t\t\t<div class=\"elementor-post__text\">\n\t\t\t\t<h3 class=\"elementor-post__title\">\n\t\t\t<a href=\"https:\/\/focal32.com\/?p=96\" >\n\t\t\t\t\u00bfQu\u00e9 es un meme?\t\t\t<\/a>\n\t\t<\/h3>\n\t\t\t\t<div class=\"elementor-post__excerpt\">\n\t\t\t<p>Un meme es una\u00a0idea, concepto, estilo o pr\u00e1ctica que se propaga de persona a persona dentro de una cultura<\/p>\n\t\t<\/div>\n\t\t\n\t\t<a class=\"elementor-post__read-more\" href=\"https:\/\/focal32.com\/?p=96\" aria-label=\"Read more about \u00bfQu\u00e9 es un meme?\" tabindex=\"-1\" >\n\t\t\tRead More \u00bb\t\t<\/a>\n\n\t\t\t\t<\/div>\n\t\t\t\t<div class=\"elementor-post__meta-data\">\n\t\t\t\t\t<span class=\"elementor-post-date\">\n\t\t\t9 de agosto de 2025\t\t<\/span>\n\t\t\t\t<span class=\"elementor-post-avatar\">\n\t\t\tNo hay comentarios\t\t<\/span>\n\t\t\t\t<\/div>\n\t\t\t\t\t<\/div>\n\t\t<\/article>\n\t\t\t\t<\/div>\n\t\t\n\t\t\t\t\t\t<\/div>\n\t\t\t\t<\/div>\n\t\t\t\t\t<\/div>\n\t\t\t\t<\/div>\n\t\t\t\t<\/div>\n\t\t","protected":false},"excerpt":{"rendered":"","protected":false},"author":1,"featured_media":0,"parent":0,"menu_order":0,"comment_status":"closed","ping_status":"closed","template":"","meta":{"footnotes":""},"class_list":["post-6","page","type-page","status-publish","hentry"],"_links":{"self":[{"href":"https:\/\/focal32.com\/index.php?rest_route=\/wp\/v2\/pages\/6","targetHints":{"allow":["GET"]}}],"collection":[{"href":"https:\/\/focal32.com\/index.php?rest_route=\/wp\/v2\/pages"}],"about":[{"href":"https:\/\/focal32.com\/index.php?rest_route=\/wp\/v2\/types\/page"}],"author":[{"embeddable":true,"href":"https:\/\/focal32.com\/index.php?rest_route=\/wp\/v2\/users\/1"}],"replies":[{"embeddable":true,"href":"https:\/\/focal32.com\/index.php?rest_route=%2Fwp%2Fv2%2Fcomments&post=6"}],"version-history":[{"count":12,"href":"https:\/\/focal32.com\/index.php?rest_route=\/wp\/v2\/pages\/6\/revisions"}],"predecessor-version":[{"id":154,"href":"https:\/\/focal32.com\/index.php?rest_route=\/wp\/v2\/pages\/6\/revisions\/154"}],"wp:attachment":[{"href":"https:\/\/focal32.com\/index.php?rest_route=%2Fwp%2Fv2%2Fmedia&parent=6"}],"curies":[{"name":"wp","href":"https:\/\/api.w.org\/{rel}","templated":true}]}}